{"id":999,"date":"2025-11-10T10:49:14","date_gmt":"2025-11-10T10:49:14","guid":{"rendered":"https:\/\/vaivecircoaereo.com\/?page_id=999"},"modified":"2025-11-11T14:45:18","modified_gmt":"2025-11-11T14:45:18","slug":"transparencia","status":"publish","type":"page","link":"https:\/\/vaivecircoaereo.com\/en\/transparencia\/","title":{"rendered":"Transparencia"},"content":{"rendered":"<div id=\"fws_69e4c9fcb33d2\"  data-column-margin=\"default\" data-midnight=\"dark\"  class=\"wpb_row vc_row-fluid vc_row\"  style=\"padding-top: 125px; padding-bottom: 0px; \"><div class=\"row-bg-wrap\" data-bg-animation=\"none\" data-bg-animation-delay=\"\" data-bg-overlay=\"false\"><div class=\"inner-wrap row-bg-layer\" ><div class=\"row-bg viewport-desktop\"  style=\"\"><\/div><\/div><\/div><div class=\"row_col_wrap_12 col span_12 dark left\">\n\t<div  class=\"vc_col-sm-12 wpb_column column_container vc_column_container col no-extra-padding inherit_tablet inherit_phone\"  data-padding-pos=\"all\" data-has-bg-color=\"false\" data-bg-color=\"\" data-bg-opacity=\"1\" data-animation=\"\" data-delay=\"0\" >\n\t\t<div class=\"vc_column-inner\" >\n\t\t\t<div class=\"wpb_wrapper\">\n\t\t\t\t\n<div class=\"wpb_text_column wpb_content_element\" >\n\t<div class=\"wpb_wrapper\">\n\t\t<h3>Transparencia<\/h3>\n<div class=\"container main-content\" role=\"main\">\n<div class=\"row\">\n<h2><\/h2>\n<\/div>\n<\/div>\n\t<\/div>\n<\/div>\n\n\n\n\n\t\t\t<\/div> \n\t\t<\/div>\n\t<\/div> \n<\/div><\/div>\n\t\t<div id=\"fws_69e4c9fcb38dd\"  data-column-margin=\"default\" data-midnight=\"dark\"  class=\"wpb_row vc_row-fluid vc_row\"  style=\"padding-top: 0px; padding-bottom: 0px; \"><div class=\"row-bg-wrap\" data-bg-animation=\"none\" data-bg-animation-delay=\"\" data-bg-overlay=\"false\"><div class=\"inner-wrap row-bg-layer\" ><div class=\"row-bg viewport-desktop\"  style=\"\"><\/div><\/div><\/div><div class=\"row_col_wrap_12 col span_12 dark left\">\n\t<div  class=\"vc_col-sm-12 wpb_column column_container vc_column_container col no-extra-padding inherit_tablet inherit_phone\"  data-padding-pos=\"all\" data-has-bg-color=\"false\" data-bg-color=\"\" data-bg-opacity=\"1\" data-animation=\"\" data-delay=\"0\" >\n\t\t<div class=\"vc_column-inner\" >\n\t\t\t<div class=\"wpb_wrapper\">\n\t\t\t\t\n<div class=\"wpb_text_column wpb_content_element\" >\n\t<div class=\"wpb_wrapper\">\n\t\t<p><img loading=\"lazy\" decoding=\"async\" class=\"alignnone wp-image-700\" src=\"https:\/\/vaivecircoaereo.com\/wp-content\/uploads\/2024\/12\/logo-300x80.png\" alt=\"\" width=\"408\" height=\"109\" srcset=\"https:\/\/vaivecircoaereo.com\/wp-content\/uploads\/2024\/12\/logo-300x80.png 300w, https:\/\/vaivecircoaereo.com\/wp-content\/uploads\/2024\/12\/logo-1024x272.png 1024w, https:\/\/vaivecircoaereo.com\/wp-content\/uploads\/2024\/12\/logo-768x204.png 768w, https:\/\/vaivecircoaereo.com\/wp-content\/uploads\/2024\/12\/logo-1536x409.png 1536w, https:\/\/vaivecircoaereo.com\/wp-content\/uploads\/2024\/12\/logo-2048x545.png 2048w, https:\/\/vaivecircoaereo.com\/wp-content\/uploads\/2024\/12\/logo-18x5.png 18w\" sizes=\"auto, (max-width: 408px) 100vw, 408px\" \/><\/p>\n\t<\/div>\n<\/div>\n\n\n\n\n<div class=\"wpb_text_column wpb_content_element\" >\n\t<div class=\"wpb_wrapper\">\n\t\t<p><strong data-start=\"263\" data-end=\"331\">Projectes subvencionats per l\u2019INSTITUT VALENCI\u00c0 DE CULTURA 2025.<\/strong><br data-start=\"331\" data-end=\"334\" \/>Associaci\u00f3 SAL (Ajudes a associacions sense \u00e0nim de lucre \u2013 Exercici 2025): <strong data-start=\"410\" data-end=\"425\">15.529,53 \u20ac<\/strong><\/p>\n\t<\/div>\n<\/div>\n\n\n\n\n\t\t\t<\/div> \n\t\t<\/div>\n\t<\/div> \n<\/div><\/div>\n\t\t<div id=\"fws_69e4c9fcb3ca5\"  data-column-margin=\"default\" data-midnight=\"dark\"  class=\"wpb_row vc_row-fluid vc_row\"  style=\"padding-top: 0px; padding-bottom: 0px; \"><div class=\"row-bg-wrap\" data-bg-animation=\"none\" data-bg-animation-delay=\"\" data-bg-overlay=\"false\"><div class=\"inner-wrap row-bg-layer\" ><div class=\"row-bg viewport-desktop\"  style=\"\"><\/div><\/div><\/div><div class=\"row_col_wrap_12 col span_12 dark left\">\n\t<div  class=\"vc_col-sm-12 wpb_column column_container vc_column_container col no-extra-padding inherit_tablet inherit_phone\"  data-padding-pos=\"all\" data-has-bg-color=\"false\" data-bg-color=\"\" data-bg-opacity=\"1\" data-animation=\"\" data-delay=\"0\" >\n\t\t<div class=\"vc_column-inner\" >\n\t\t\t<div class=\"wpb_wrapper\">\n\t\t\t\t\n<div class=\"wpb_text_column wpb_content_element\" >\n\t<div class=\"wpb_wrapper\">\n\t\t<p><img loading=\"lazy\" decoding=\"async\" class=\"alignnone size-medium wp-image-1015\" src=\"https:\/\/vaivecircoaereo.com\/wp-content\/uploads\/2025\/11\/123-300x111.png\" alt=\"\" width=\"300\" height=\"111\" srcset=\"https:\/\/vaivecircoaereo.com\/wp-content\/uploads\/2025\/11\/123-300x111.png 300w, https:\/\/vaivecircoaereo.com\/wp-content\/uploads\/2025\/11\/123-768x284.png 768w, https:\/\/vaivecircoaereo.com\/wp-content\/uploads\/2025\/11\/123-18x7.png 18w, https:\/\/vaivecircoaereo.com\/wp-content\/uploads\/2025\/11\/123-600x222.png 600w, https:\/\/vaivecircoaereo.com\/wp-content\/uploads\/2025\/11\/123.png 1024w\" sizes=\"auto, (max-width: 300px) 100vw, 300px\" \/><\/p>\n\t<\/div>\n<\/div>\n\n\n\n\n<div class=\"wpb_text_column wpb_content_element\" >\n\t<div class=\"wpb_wrapper\">\n\t\t<p><strong data-start=\"116\" data-end=\"168\">Projectes subvencionats per ACCI\u00d3 CULTURAL 2025.<\/strong><br data-start=\"168\" data-end=\"171\" \/>RELATS (Producci\u00f3 esc\u00e8nica): <strong data-start=\"200\" data-end=\"214\">3.886,78 \u20ac<\/strong><br data-start=\"214\" data-end=\"217\" \/>VAIVE LAB (Especial Inter\u00e9s): <strong data-start=\"247\" data-end=\"261\">5.280,63 \u20ac<\/strong><\/p>\n\t<\/div>\n<\/div>\n\n\n\n\n\t\t\t<\/div> \n\t\t<\/div>\n\t<\/div> \n<\/div><\/div>\n\t\t<div id=\"fws_69e4c9fcb406e\"  data-column-margin=\"default\" data-midnight=\"dark\"  class=\"wpb_row vc_row-fluid vc_row\"  style=\"padding-top: 0px; padding-bottom: 0px; \"><div class=\"row-bg-wrap\" data-bg-animation=\"none\" data-bg-animation-delay=\"\" data-bg-overlay=\"false\"><div class=\"inner-wrap row-bg-layer\" ><div class=\"row-bg viewport-desktop\"  style=\"\"><\/div><\/div><\/div><div class=\"row_col_wrap_12 col span_12 dark left\">\n\t<div  class=\"vc_col-sm-12 wpb_column column_container vc_column_container col no-extra-padding inherit_tablet inherit_phone\"  data-padding-pos=\"all\" data-has-bg-color=\"false\" data-bg-color=\"\" data-bg-opacity=\"1\" data-animation=\"\" data-delay=\"0\" >\n\t\t<div class=\"vc_column-inner\" >\n\t\t\t<div class=\"wpb_wrapper\">\n\t\t\t\t\n<div class=\"wpb_text_column wpb_content_element\" >\n\t<div class=\"wpb_wrapper\">\n\t\t<p><img loading=\"lazy\" decoding=\"async\" class=\"alignnone size-medium wp-image-234\" src=\"https:\/\/vaivecircoaereo.com\/wp-content\/uploads\/2024\/05\/logos-kit-1-300x50.png\" alt=\"\" width=\"300\" height=\"50\" srcset=\"https:\/\/vaivecircoaereo.com\/wp-content\/uploads\/2024\/05\/logos-kit-1-300x50.png 300w, https:\/\/vaivecircoaereo.com\/wp-content\/uploads\/2024\/05\/logos-kit-1-768x128.png 768w, https:\/\/vaivecircoaereo.com\/wp-content\/uploads\/2024\/05\/logos-kit-1-800x134.png 800w, https:\/\/vaivecircoaereo.com\/wp-content\/uploads\/2024\/05\/logos-kit-1.png 807w\" sizes=\"auto, (max-width: 300px) 100vw, 300px\" \/><img loading=\"lazy\" decoding=\"async\" class=\"alignnone size-medium wp-image-233\" src=\"https:\/\/vaivecircoaereo.com\/wp-content\/uploads\/2024\/05\/logos-kit-2-300x50.png\" alt=\"\" width=\"300\" height=\"50\" srcset=\"https:\/\/vaivecircoaereo.com\/wp-content\/uploads\/2024\/05\/logos-kit-2-300x50.png 300w, https:\/\/vaivecircoaereo.com\/wp-content\/uploads\/2024\/05\/logos-kit-2-768x128.png 768w, https:\/\/vaivecircoaereo.com\/wp-content\/uploads\/2024\/05\/logos-kit-2-800x134.png 800w, https:\/\/vaivecircoaereo.com\/wp-content\/uploads\/2024\/05\/logos-kit-2.png 806w\" sizes=\"auto, (max-width: 300px) 100vw, 300px\" \/><\/p>\n\t<\/div>\n<\/div>\n\n\n\n\n<div class=\"wpb_text_column wpb_content_element\" >\n\t<div class=\"wpb_wrapper\">\n\t\t<p><strong data-start=\"434\" data-end=\"485\">Projecte subvencionat pel PROGRAMA KIT DIGITAL.<\/strong><br data-start=\"485\" data-end=\"488\" \/>Desenvolupament de la p\u00e0gina web: <strong data-start=\"522\" data-end=\"536\">3.000,00 \u20ac<\/strong><\/p>\n\t<\/div>\n<\/div>\n\n\n\n\n\t\t\t<\/div> \n\t\t<\/div>\n\t<\/div> \n<\/div><\/div>","protected":false},"excerpt":{"rendered":"Transparencia Projectes subvencionats per l\u2019INSTITUT VALENCI\u00c0 DE CULTURA 2025.Associaci\u00f3 SAL (Ajudes a associacions sense \u00e0nim de lucre \u2013 Exercici 2025): 15.529,53 \u20ac Projectes subvencionats per ACCI\u00d3 CULTURAL 2025.RELATS (Producci\u00f3 esc\u00e8nica):...","protected":false},"author":2,"featured_media":0,"parent":0,"menu_order":0,"comment_status":"closed","ping_status":"closed","template":"","meta":{"footnotes":""},"class_list":["post-999","page","type-page","status-publish"],"_links":{"self":[{"href":"https:\/\/vaivecircoaereo.com\/en\/wp-json\/wp\/v2\/pages\/999","targetHints":{"allow":["GET"]}}],"collection":[{"href":"https:\/\/vaivecircoaereo.com\/en\/wp-json\/wp\/v2\/pages"}],"about":[{"href":"https:\/\/vaivecircoaereo.com\/en\/wp-json\/wp\/v2\/types\/page"}],"author":[{"embeddable":true,"href":"https:\/\/vaivecircoaereo.com\/en\/wp-json\/wp\/v2\/users\/2"}],"replies":[{"embeddable":true,"href":"https:\/\/vaivecircoaereo.com\/en\/wp-json\/wp\/v2\/comments?post=999"}],"version-history":[{"count":14,"href":"https:\/\/vaivecircoaereo.com\/en\/wp-json\/wp\/v2\/pages\/999\/revisions"}],"predecessor-version":[{"id":1016,"href":"https:\/\/vaivecircoaereo.com\/en\/wp-json\/wp\/v2\/pages\/999\/revisions\/1016"}],"wp:attachment":[{"href":"https:\/\/vaivecircoaereo.com\/en\/wp-json\/wp\/v2\/media?parent=999"}],"curies":[{"name":"wp","href":"https:\/\/api.w.org\/{rel}","templated":true}]}}