{"id":1134,"date":"2026-02-23T09:44:53","date_gmt":"2026-02-23T09:44:53","guid":{"rendered":"https:\/\/vaivecircoaereo.com\/?post_type=product&#038;p=1134"},"modified":"2026-03-02T11:27:39","modified_gmt":"2026-03-02T11:27:39","slug":"set-and-reset","status":"publish","type":"product","link":"https:\/\/vaivecircoaereo.com\/en\/product\/set-and-reset\/","title":{"rendered":"Set and reset, and reset, and reset\u2026"},"content":{"rendered":"<div class=\"container\">\n<div id=\"model-response-message-contentr_1d327e790202c424\" class=\"markdown markdown-main-panel enable-updated-hr-color preserve-whitespaces-in-response\" dir=\"ltr\" aria-live=\"polite\" aria-busy=\"false\">\n<p data-path-to-node=\"3\"><b data-path-to-node=\"3\" data-index-in-node=\"0\">Set and reset, and reset, and reset\u2026<\/b><\/p>\n<p data-path-to-node=\"7\">Este s\u00e1bado, en <b data-path-to-node=\"7\" data-index-in-node=\"16\">Vaiv\u00e9 Circ<\/b>, presentamos el trabajo desarrollado durante la semana de laboratorio de creaci\u00f3n liderada por <b data-path-to-node=\"7\" data-index-in-node=\"122\">Javier Hedrosa<\/b>. Una pr\u00e1ctica en la que el alumnado del primer a\u00f1o de la formaci\u00f3n profesional se acerca al rol de int\u00e9rprete-creador, entendiendo el cuerpo no solo como ejecutor, sino como generador de material y de decisiones compositivas.<\/p>\n<p data-path-to-node=\"8\">Inspirado en el trabajo <i data-path-to-node=\"8\" data-index-in-node=\"24\">Set and Reset<\/i> de <b data-path-to-node=\"8\" data-index-in-node=\"41\">Trisha Brown<\/b>, el proceso se desarrolla a partir de pr\u00e1cticas de improvisaci\u00f3n y creaci\u00f3n en grupo. La escucha, la memoria y la toma de decisiones en el presente activan el movimiento, que se transforma a trav\u00e9s de la repetici\u00f3n, la variaci\u00f3n y el error, generando un tiempo compartido en el que el material aparece, se desplaza y se resignifica.<\/p>\n<p data-path-to-node=\"10\"><b data-path-to-node=\"10\" data-index-in-node=\"0\">Informaci\u00f3n Clave:<\/b><\/p>\n<ul data-path-to-node=\"11\">\n<li>\n<p data-path-to-node=\"11,0,0\">\ud83d\udcc5 <b data-path-to-node=\"11,0,0\" data-index-in-node=\"3\">S\u00e1bado 28 de febrero 2026<\/b> a las <b data-path-to-node=\"11,0,0\" data-index-in-node=\"35\">19:30 h<\/b><\/p>\n<\/li>\n<li>\n<p data-path-to-node=\"11,1,0\">\ud83d\udccd <b data-path-to-node=\"11,1,0\" data-index-in-node=\"3\">Lugar:<\/b> Vaiv\u00e9 Circ<\/p>\n<\/li>\n<li>\n<p data-path-to-node=\"11,2,0\">\ud83c\udf9f\ufe0f <b data-path-to-node=\"11,2,0\" data-index-in-node=\"4\">Entradas:<\/b> 7 \u20ac anticipada ( compras realizadas hasta el 27\/02) \/ 9 \u20ac en taquilla.<\/p>\n<\/li>\n<\/ul>\n<\/div>\n<\/div>","protected":false},"excerpt":{"rendered":"<p data-path-to-node=\"8,0\"><b data-path-to-node=\"8,0\" data-index-in-node=\"0\">Muestra del proceso de creaci\u00f3n del alumnado del primer a\u00f1o de la formaci\u00f3n profesional.<\/b><\/p>\n<ul data-path-to-node=\"8,1\">\n<li>\n<p data-path-to-node=\"8,1,0,0\"><b data-path-to-node=\"8,1,0,0\" data-index-in-node=\"0\">Cu\u00e1ndo:<\/b> S\u00e1bado 28 de febrero, 19:30 h.<\/p>\n<\/li>\n<li>\n<p data-path-to-node=\"8,1,1,0\"><b data-path-to-node=\"8,1,1,0\" data-index-in-node=\"0\">D\u00f3nde:<\/b> Vaiv\u00e9 Circ.<\/p>\n<\/li>\n<li>\n<p data-path-to-node=\"8,1,2,0\"><b data-path-to-node=\"8,1,2,0\" data-index-in-node=\"0\">Precio:<\/b> 7 \u20ac (Anticipada hasta el 27\/02) \/ 9 \u20ac (d\u00eda del evento).<\/p>\n<\/li>\n<\/ul>","protected":false},"featured_media":1135,"comment_status":"open","ping_status":"closed","template":"","meta":[],"product_brand":[],"product_cat":[37],"product_tag":[],"class_list":{"0":"post-1134","1":"product","2":"type-product","3":"status-publish","4":"has-post-thumbnail","6":"product_cat-entrada","8":"first","9":"instock","10":"shipping-taxable","11":"purchasable","12":"product-type-simple"},"_links":{"self":[{"href":"https:\/\/vaivecircoaereo.com\/en\/wp-json\/wp\/v2\/product\/1134","targetHints":{"allow":["GET"]}}],"collection":[{"href":"https:\/\/vaivecircoaereo.com\/en\/wp-json\/wp\/v2\/product"}],"about":[{"href":"https:\/\/vaivecircoaereo.com\/en\/wp-json\/wp\/v2\/types\/product"}],"replies":[{"embeddable":true,"href":"https:\/\/vaivecircoaereo.com\/en\/wp-json\/wp\/v2\/comments?post=1134"}],"wp:featuredmedia":[{"embeddable":true,"href":"https:\/\/vaivecircoaereo.com\/en\/wp-json\/wp\/v2\/media\/1135"}],"wp:attachment":[{"href":"https:\/\/vaivecircoaereo.com\/en\/wp-json\/wp\/v2\/media?parent=1134"}],"wp:term":[{"taxonomy":"product_brand","embeddable":true,"href":"https:\/\/vaivecircoaereo.com\/en\/wp-json\/wp\/v2\/product_brand?post=1134"},{"taxonomy":"product_cat","embeddable":true,"href":"https:\/\/vaivecircoaereo.com\/en\/wp-json\/wp\/v2\/product_cat?post=1134"},{"taxonomy":"product_tag","embeddable":true,"href":"https:\/\/vaivecircoaereo.com\/en\/wp-json\/wp\/v2\/product_tag?post=1134"}],"curies":[{"name":"wp","href":"https:\/\/api.w.org\/{rel}","templated":true}]}}