{"id":1140,"date":"2026-02-25T12:08:41","date_gmt":"2026-02-25T12:08:41","guid":{"rendered":"https:\/\/vaivecircoaereo.com\/?post_type=product&#038;p=1140"},"modified":"2026-03-26T13:14:50","modified_gmt":"2026-03-26T13:14:50","slug":"intensivo-aro-trape-ali-luque","status":"publish","type":"product","link":"https:\/\/vaivecircoaereo.com\/en\/product\/intensivo-aro-trape-ali-luque\/","title":{"rendered":"Intensivo de Aro y Dance Trapeze con Ali Luque"},"content":{"rendered":"<h2 data-path-to-node=\"2\"><b data-path-to-node=\"2\" data-index-in-node=\"0\">Intensivo de Aro y Dance Trapeze con <a href=\"https:\/\/www.instagram.com\/ali.luque\/\" target=\"_blank\" rel=\"noopener\">Ali Luque<\/a><\/b><\/h2>\n<p data-path-to-node=\"3\">Este intensivo est\u00e1 enfocado en la exploraci\u00f3n del movimiento dentro del giro. A partir de las herramientas que se ofrecen, cada alumna puede realizar una b\u00fasqueda personal, descubriendo diferentes l\u00edneas dentro del giro.<\/p>\n<p data-path-to-node=\"4\">Durante las dos jornadas de trabajo se abordan:<\/p>\n<ul data-path-to-node=\"5\">\n<li>\n<p data-path-to-node=\"5,0,0\"><b data-path-to-node=\"5,0,0\" data-index-in-node=\"0\">Secuencias t\u00e9cnicas:<\/b> Desarrollo de peque\u00f1as secuencias y distintas maneras de abordarlas, combinando movilidad, fluidez y velocidad.<\/p>\n<\/li>\n<li>\n<p data-path-to-node=\"5,1,0\"><b data-path-to-node=\"5,1,0\" data-index-in-node=\"0\">T\u00e9cnica de din\u00e1micos:<\/b> Profundizaci\u00f3n en los motores que impulsan el vuelo para desarrollar secuencias m\u00e1s explosivas y acrob\u00e1ticas.<\/p>\n<\/li>\n<li>\n<p data-path-to-node=\"5,2,0\"><b data-path-to-node=\"5,2,0\" data-index-in-node=\"0\">Enfoque creativo:<\/b> Personalizaci\u00f3n de cada secuencia seg\u00fan la fisonom\u00eda y el universo art\u00edstico individual.<\/p>\n<\/li>\n<\/ul>\n<p data-path-to-node=\"6\">Un espacio de formaci\u00f3n t\u00e9cnica y art\u00edstica abierto a todos los niveles.<\/p>\n<p data-path-to-node=\"7\"><b data-path-to-node=\"7\" data-index-in-node=\"0\">Detalles del intensivo:<\/b><\/p>\n<ul data-path-to-node=\"8\">\n<li>\n<p data-path-to-node=\"8,0,0\">\ud83d\udcc5 <b data-path-to-node=\"8,0,0\" data-index-in-node=\"3\">Fechas:<\/b> 28 y 29 de marzo de 2026.<\/p>\n<\/li>\n<li>\n<p data-path-to-node=\"8,1,0\">\u23f0 <b data-path-to-node=\"8,1,0\" data-index-in-node=\"2\">Horario:<\/b> De 10:00h a 13:00h.<\/p>\n<\/li>\n<li>\n<p data-path-to-node=\"8,2,0\">\ud83d\udccd <b data-path-to-node=\"8,2,0\" data-index-in-node=\"3\">Ubicaci\u00f3n:<\/b> VAIV\u00c9 &#8211; C\/ Gabriel Esteve 8B, Bonrep\u00f2s i Mirambell (Valencia).<\/p>\n<\/li>\n<li>\n<p data-path-to-node=\"8,3,0\">\ud83d\udcb0 <b data-path-to-node=\"8,3,0\" data-index-in-node=\"3\">Precios:<\/b> 80\u20ac (dos d\u00edas) \/ 50\u20ac (un d\u00eda).<\/p>\n<\/li>\n<li>\n<p data-path-to-node=\"8,4,0\">\ud83c\udf9f\ufe0f <b data-path-to-node=\"8,4,0\" data-index-in-node=\"4\">Descuento:<\/b> 5\u20ac de descuento para socies del espacio.<\/p>\n<\/li>\n<\/ul>","protected":false},"excerpt":{"rendered":"<p data-path-to-node=\"22\">Intensivo t\u00e9cnico y creativo\u00a0 con <a href=\"https:\/\/www.instagram.com\/ali.luque\/\">Ali Luque<\/a> centrado en la t\u00e9cnica de din\u00e1micos, el control del giro y la fluidez en el aire. Un espacio de investigaci\u00f3n adaptado a cada fisonom\u00eda y nivel.<\/p>\n<ul data-path-to-node=\"23\">\n<li>\n<p data-path-to-node=\"23,0,0\"><b data-path-to-node=\"23,0,0\" data-index-in-node=\"0\">D\u00edas:<\/b> 28 y 29 de marzo 2026.<\/p>\n<\/li>\n<\/ul>\n<p>Si eres socia de <b data-path-to-node=\"4,0\" data-index-in-node=\"40\">Vaiv\u00e9<\/b>, tienes la opci\u00f3n de realizar el pago directamente en el centro para asegurar tu descuento de 5\u20ac. Si prefieres realizar la compra online, contacta con nosotras previamente para que te facilitemos un cup\u00f3n de uso personal.<\/p>","protected":false},"featured_media":1141,"comment_status":"open","ping_status":"closed","template":"","meta":[],"product_brand":[],"product_cat":[37],"product_tag":[],"class_list":{"0":"post-1140","1":"product","2":"type-product","3":"status-publish","4":"has-post-thumbnail","6":"product_cat-entrada","8":"first","9":"instock","10":"shipping-taxable","11":"purchasable","12":"product-type-variable"},"_links":{"self":[{"href":"https:\/\/vaivecircoaereo.com\/en\/wp-json\/wp\/v2\/product\/1140","targetHints":{"allow":["GET"]}}],"collection":[{"href":"https:\/\/vaivecircoaereo.com\/en\/wp-json\/wp\/v2\/product"}],"about":[{"href":"https:\/\/vaivecircoaereo.com\/en\/wp-json\/wp\/v2\/types\/product"}],"replies":[{"embeddable":true,"href":"https:\/\/vaivecircoaereo.com\/en\/wp-json\/wp\/v2\/comments?post=1140"}],"wp:featuredmedia":[{"embeddable":true,"href":"https:\/\/vaivecircoaereo.com\/en\/wp-json\/wp\/v2\/media\/1141"}],"wp:attachment":[{"href":"https:\/\/vaivecircoaereo.com\/en\/wp-json\/wp\/v2\/media?parent=1140"}],"wp:term":[{"taxonomy":"product_brand","embeddable":true,"href":"https:\/\/vaivecircoaereo.com\/en\/wp-json\/wp\/v2\/product_brand?post=1140"},{"taxonomy":"product_cat","embeddable":true,"href":"https:\/\/vaivecircoaereo.com\/en\/wp-json\/wp\/v2\/product_cat?post=1140"},{"taxonomy":"product_tag","embeddable":true,"href":"https:\/\/vaivecircoaereo.com\/en\/wp-json\/wp\/v2\/product_tag?post=1140"}],"curies":[{"name":"wp","href":"https:\/\/api.w.org\/{rel}","templated":true}]}}