{"id":1165,"date":"2026-03-06T12:45:44","date_gmt":"2026-03-06T12:45:44","guid":{"rendered":"https:\/\/vaivecircoaereo.com\/?post_type=product&#038;p=1165"},"modified":"2026-03-26T12:31:01","modified_gmt":"2026-03-26T12:31:01","slug":"la-mort-del-cygne","status":"publish","type":"product","link":"https:\/\/vaivecircoaereo.com\/en\/product\/la-mort-del-cygne\/","title":{"rendered":"La mort del Cygne"},"content":{"rendered":"<div class=\"container\">\n<div id=\"model-response-message-contentr_1d327e790202c424\" class=\"markdown markdown-main-panel enable-updated-hr-color preserve-whitespaces-in-response\" dir=\"ltr\" aria-live=\"polite\" aria-busy=\"false\">\n<h2>La Mort del Cygne<br \/>\nMuestra de solos \u00b7 FP Vaiv\u00e9 Circ<\/h2>\n<p>\ud83d\udcc5 S\u00e1bado 14 de marzo &#8211; 20h<br \/>\n\ud83d\udccd Vaiv\u00e9 Circ<br \/>\n\ud83c\udf9f\ufe0f Entradas: 7\u20ac anticipada \u00b7 9\u20ac en taquilla.<\/p>\n<p>Este s\u00e1bado, en Vaiv\u00e9 Circ, presentamos \u201cLa Mort del Cygne\u201d, una muestra de solos creada por las alumnas de segundo a\u00f1o de la formaci\u00f3n profesional.<\/p>\n<p>El proyecto, acompa\u00f1ado por Yasmine Tengen, nace como un espacio de investigaci\u00f3n y creaci\u00f3n donde cada alumna comparte su universo personal a trav\u00e9s de su disciplina. A lo largo del proceso, cada int\u00e9rprete explora su identidad art\u00edstica y desarrolla una propuesta esc\u00e9nica propia que forma parte de una propuesta esc\u00e9nica conjunta.<br \/>\n\ud83c\udf42\u201cLa Mort del Cygne\u201d re\u00fane estas piezas individuales en un mismo encuentro esc\u00e9nico, donde la diversidad de lenguajes, sensibilidades y miradas construye un paisaje com\u00fan que refleja el momento de b\u00fasqueda y consolidaci\u00f3n art\u00edstica de las estudiantes.<\/p>\n<\/div>\n<\/div>","protected":false},"excerpt":{"rendered":"<p data-path-to-node=\"8,0\"><b data-path-to-node=\"8,0\" data-index-in-node=\"0\">Muestra de solos \u00b7 FP Vaiv\u00e9 Circ<br \/>\nMuestra del proceso de creaci\u00f3n del alumnado del primer a\u00f1o de la formaci\u00f3n profesional.<\/b><\/p>\n<ul data-path-to-node=\"8,1\">\n<li>\n<p data-path-to-node=\"8,1,0,0\"><b data-path-to-node=\"8,1,0,0\" data-index-in-node=\"0\">Cu\u00e1ndo:<\/b> S\u00e1bado 14 de marzo, 20:00 h.<\/p>\n<\/li>\n<li>\n<p data-path-to-node=\"8,1,1,0\"><b data-path-to-node=\"8,1,1,0\" data-index-in-node=\"0\">D\u00f3nde:<\/b> Vaiv\u00e9 Circ.<\/p>\n<\/li>\n<li>\n<p data-path-to-node=\"8,1,2,0\"><b data-path-to-node=\"8,1,2,0\" data-index-in-node=\"0\">Precio:<\/b> 7 \u20ac (Anticipada hasta el 13\/03) \/ 9 \u20ac (d\u00eda del evento).<\/p>\n<\/li>\n<\/ul>","protected":false},"featured_media":1166,"comment_status":"open","ping_status":"closed","template":"","meta":[],"product_brand":[],"product_cat":[37],"product_tag":[],"class_list":{"0":"post-1165","1":"product","2":"type-product","3":"status-publish","4":"has-post-thumbnail","6":"product_cat-entrada","8":"first","9":"instock","10":"shipping-taxable","11":"purchasable","12":"product-type-simple"},"_links":{"self":[{"href":"https:\/\/vaivecircoaereo.com\/en\/wp-json\/wp\/v2\/product\/1165","targetHints":{"allow":["GET"]}}],"collection":[{"href":"https:\/\/vaivecircoaereo.com\/en\/wp-json\/wp\/v2\/product"}],"about":[{"href":"https:\/\/vaivecircoaereo.com\/en\/wp-json\/wp\/v2\/types\/product"}],"replies":[{"embeddable":true,"href":"https:\/\/vaivecircoaereo.com\/en\/wp-json\/wp\/v2\/comments?post=1165"}],"wp:featuredmedia":[{"embeddable":true,"href":"https:\/\/vaivecircoaereo.com\/en\/wp-json\/wp\/v2\/media\/1166"}],"wp:attachment":[{"href":"https:\/\/vaivecircoaereo.com\/en\/wp-json\/wp\/v2\/media?parent=1165"}],"wp:term":[{"taxonomy":"product_brand","embeddable":true,"href":"https:\/\/vaivecircoaereo.com\/en\/wp-json\/wp\/v2\/product_brand?post=1165"},{"taxonomy":"product_cat","embeddable":true,"href":"https:\/\/vaivecircoaereo.com\/en\/wp-json\/wp\/v2\/product_cat?post=1165"},{"taxonomy":"product_tag","embeddable":true,"href":"https:\/\/vaivecircoaereo.com\/en\/wp-json\/wp\/v2\/product_tag?post=1165"}],"curies":[{"name":"wp","href":"https:\/\/api.w.org\/{rel}","templated":true}]}}