{"id":1214,"date":"2026-03-26T12:22:44","date_gmt":"2026-03-26T12:22:44","guid":{"rendered":"https:\/\/vaivecircoaereo.com\/?post_type=product&#038;p=1214"},"modified":"2026-03-26T12:29:51","modified_gmt":"2026-03-26T12:29:51","slug":"intensivo-telas-cecilia","status":"publish","type":"product","link":"https:\/\/vaivecircoaereo.com\/en\/product\/intensivo-telas-cecilia\/","title":{"rendered":"Intensivo de telas a\u00e9reas con Cecilia Echevarr\u00eda"},"content":{"rendered":"<h3 data-start=\"673\" data-end=\"725\"><strong data-start=\"673\" data-end=\"725\">Intensivo de Telas A\u00e9reas con Cecilia Echevarr\u00eda<\/strong><\/h3>\n<p data-start=\"727\" data-end=\"908\">Un taller intensivo de dos d\u00edas dirigido a personas que quieran seguir profundizando en su pr\u00e1ctica de <strong data-start=\"830\" data-end=\"846\">telas a\u00e9reas<\/strong> a trav\u00e9s del trabajo t\u00e9cnico, el movimiento y la exploraci\u00f3n.<\/p>\n<p data-start=\"910\" data-end=\"1106\">Durante el intensivo se trabajar\u00e1 <strong data-start=\"944\" data-end=\"980\">fuerza, coordinaci\u00f3n y dinamismo<\/strong> a trav\u00e9s de <strong data-start=\"993\" data-end=\"1051\">secuencias, ca\u00eddas, nudos, giros y elementos din\u00e1micos<\/strong>, combinando entrenamiento t\u00e9cnico y pr\u00e1ctica creativa.<\/p>\n<p data-start=\"1108\" data-end=\"1166\">El enfoque del taller propone un trabajo completo que une:<\/p>\n<ul data-start=\"1168\" data-end=\"1317\">\n<li data-section-id=\"173dynk\" data-start=\"1168\" data-end=\"1195\"><strong data-start=\"1170\" data-end=\"1195\">progresiones t\u00e9cnicas<\/strong><\/li>\n<li data-section-id=\"1yklk6f\" data-start=\"1196\" data-end=\"1230\"><strong data-start=\"1198\" data-end=\"1230\">investigaci\u00f3n del movimiento<\/strong><\/li>\n<li data-section-id=\"265fm5\" data-start=\"1231\" data-end=\"1265\"><strong data-start=\"1233\" data-end=\"1265\">control y calidad en el aire<\/strong><\/li>\n<li data-section-id=\"vs8a5k\" data-start=\"1266\" data-end=\"1317\"><strong data-start=\"1268\" data-end=\"1317\">ampliaci\u00f3n de recursos y vocabulario corporal<\/strong><\/li>\n<\/ul>\n<p data-start=\"1319\" data-end=\"1502\">Ser\u00e1 un espacio para <strong data-start=\"1340\" data-end=\"1434\">consolidar t\u00e9cnica, ganar confianza y descubrir nuevas posibilidades de movimiento en tela<\/strong>, acompa\u00f1ando el proceso de cada participante desde su propio nivel.<\/p>\n<h3 data-section-id=\"nd0gku\" data-start=\"1504\" data-end=\"1530\">Informaci\u00f3n del taller<\/h3>\n<p data-start=\"1531\" data-end=\"1701\"><strong data-start=\"1531\" data-end=\"1542\">Fechas:<\/strong> 25 y 26 de abril<br data-start=\"1559\" data-end=\"1562\" \/><strong data-start=\"1562\" data-end=\"1574\">Horario:<\/strong> 10:00 a 13:00h<br data-start=\"1589\" data-end=\"1592\" \/><strong data-start=\"1592\" data-end=\"1602\">Lugar:<\/strong> <a href=\"https:\/\/share.google\/h2caUP7aKIPQdrtaZ\" target=\"_blank\" rel=\"noopener\">Vaiv\u00e9 Circ<\/a><br data-start=\"1613\" data-end=\"1616\" \/><strong data-start=\"1616\" data-end=\"1627\">Precio:<\/strong> 80\u20ac los dos d\u00edas \/ 50\u20ac un d\u00eda<br data-start=\"1657\" data-end=\"1660\" \/><strong data-start=\"1660\" data-end=\"1674\">Descuento:<\/strong> 5\u20ac para socies del espacio<\/p>","protected":false},"excerpt":{"rendered":"<p data-start=\"361\" data-end=\"644\"><strong data-start=\"361\" data-end=\"428\">Intensivo de telas a\u00e9reas con Cecilia Echevarr\u00eda en Vaiv\u00e9 Circ.<\/strong><\/p>\n<p data-start=\"361\" data-end=\"644\"><br data-start=\"428\" data-end=\"431\" \/>Dos d\u00edas de entrenamiento enfocados en t\u00e9cnica, secuencias, dinamismo y exploraci\u00f3n del movimiento en tela a\u00e9rea. Un espacio para seguir profundizando en la pr\u00e1ctica, ampliar recursos y ganar confianza en el aire.<\/p>","protected":false},"featured_media":1218,"comment_status":"open","ping_status":"closed","template":"","meta":[],"product_brand":[],"product_cat":[37],"product_tag":[],"class_list":{"0":"post-1214","1":"product","2":"type-product","3":"status-publish","4":"has-post-thumbnail","6":"product_cat-entrada","8":"first","9":"instock","10":"shipping-taxable","11":"purchasable","12":"product-type-variable"},"_links":{"self":[{"href":"https:\/\/vaivecircoaereo.com\/en\/wp-json\/wp\/v2\/product\/1214","targetHints":{"allow":["GET"]}}],"collection":[{"href":"https:\/\/vaivecircoaereo.com\/en\/wp-json\/wp\/v2\/product"}],"about":[{"href":"https:\/\/vaivecircoaereo.com\/en\/wp-json\/wp\/v2\/types\/product"}],"replies":[{"embeddable":true,"href":"https:\/\/vaivecircoaereo.com\/en\/wp-json\/wp\/v2\/comments?post=1214"}],"wp:featuredmedia":[{"embeddable":true,"href":"https:\/\/vaivecircoaereo.com\/en\/wp-json\/wp\/v2\/media\/1218"}],"wp:attachment":[{"href":"https:\/\/vaivecircoaereo.com\/en\/wp-json\/wp\/v2\/media?parent=1214"}],"wp:term":[{"taxonomy":"product_brand","embeddable":true,"href":"https:\/\/vaivecircoaereo.com\/en\/wp-json\/wp\/v2\/product_brand?post=1214"},{"taxonomy":"product_cat","embeddable":true,"href":"https:\/\/vaivecircoaereo.com\/en\/wp-json\/wp\/v2\/product_cat?post=1214"},{"taxonomy":"product_tag","embeddable":true,"href":"https:\/\/vaivecircoaereo.com\/en\/wp-json\/wp\/v2\/product_tag?post=1214"}],"curies":[{"name":"wp","href":"https:\/\/api.w.org\/{rel}","templated":true}]}}